{"id":4356,"date":"2024-10-03T12:08:34","date_gmt":"2024-10-03T09:08:34","guid":{"rendered":"https:\/\/ai.taltech.ee\/?page_id=4356"},"modified":"2025-09-02T07:07:32","modified_gmt":"2025-09-02T07:07:32","slug":"about-the-centre","status":"publish","type":"page","link":"https:\/\/ai.taltech.ee\/en\/about-the-centre\/","title":{"rendered":"About the centre"},"content":{"rendered":"<h2>TalTech AI keskus<\/h2>\n<p><strong>TalTech AI<\/strong> on <a href=\"https:\/\/taltech.ee\/infotehnoloogia-teaduskond\">IT teaduskonna<\/a> ja <a href=\"https:\/\/taltech.ee\/tarkvarateaduse-instituut\">tarkvarateaduse instituudi<\/a> poolt 2024. aastal loodud tehisintellekti (AI) fookuskeskus. Fookuskeskus \u00fchendab \u00fclikooli uurimisr\u00fchmade ja keskuste kompetentsid tehisintellekti valdkonnas. Keskuse eesm\u00e4rk on edendada tehisintellekti alast haridust ning teadus- ja arendust\u00f6\u00f6d. \u00dchtlasi pakub keskus interdistsiplinaarset koost\u00f6\u00f6platvormi valdkonna teadusprojektideks, rakendusteaduseks ja koolitusteks. TalTech AI on tihedas koost\u00f6\u00f6s nii erasektori kui ka riigiasutustega. Lisaks, koost\u00f6\u00f6s <a href=\"https:\/\/aire-edih.eu\/\">tehisintellekti ja robootika teadus- ja arenduskeskusega AIRE (AI &amp; Robotics Estonia),<\/a> \u00fchendab AI keskus tehisintellekti teadusarenduse ja ettev\u00f5tluse.<\/p>\n<blockquote><p><span style=\"color: #000000;\"><strong>TalTech AI keskuse missioon on olla tehisintellekti valdkonna eestvedaja \u00fclikoolis ja \u00fchiskonnas<\/strong>. Fookuskeskus on valdkondade \u00fclest tehisintellekti \u00f5ppe- ja teadust\u00f6\u00f6d koondav \u00f6kos\u00fcsteem \u00fclikoolis ning usaldusv\u00e4\u00e4rne partner ja rahvusvahelist kompetentsi kaasav koost\u00f6\u00f6platvorm riigile ja erasektorile aga ka \u00fchiskonnale laiemalt.<\/span><\/p>\n<p><strong>TalTech AI keskuse visioon on olla Eesti juhtiv tehisintellekti arenduse, uuringute ja konsultatsioonide keskus<\/strong>. Tehisintellekti tehnoloogiatega v\u00f5imestatud rakendused aitavad j\u00e4lgida, t\u00f5hustada ja ennustada ressursikasutust ja t\u00f6\u00f6protsesse erinevates valdkondades nagu julgeolek, meditsiin, energeetika, transport, tootmine, ringmajandus. \u00dchendades AI-p\u00f5hised lahendused reaalse elu v\u00e4ljakutsetega edendame seel\u00e4bi nutikat ja j\u00e4tkusuutlikku tulevikku.<\/p><\/blockquote>\n<h2>TalTech AI eesm\u00e4rgid<\/h2>\n<ul>\n<li>Koondada TalTechi AI kompetentsid uurimisgruppides- ja keskustes<\/li>\n<li>Arendada teaduskondades \u00fclest koost\u00f6\u00f6d AI lahenduste loomisel<\/li>\n<li>AI liidestamine\/rakendamine \u00fclikooli t\u00f6\u00f6protsessides, \u00f5ppekavadesse<\/li>\n<li>Koordineerida AI kompetentside pakkumist teistele TalTech fookuskeskustele<\/li>\n<li>Pakkuda\/koordineerida AI koolitusi nii \u00fclikooli \u00f5ppej\u00f5ududele ja t\u00f6\u00f6tajatele kui ka v\u00e4listele partneritele<\/li>\n<li>Pakkuda interdistsiplinaarset koost\u00f6\u00f6platvormi valdkonna teadusprojektideks ja rakendusteaduseks<\/li>\n<li>Arendada rahvusvahelist koost\u00f6\u00f6d, sh kasutada v\u00f5imalusi osaleda Digital Europe, Horizon ja muudes programmides<\/li>\n<li>Olla kontaktpunkt TalTechi tehisintellekti alases kommunikatsioonis ja v\u00e4\u00e4rtuspakkumistes<\/li>\n<\/ul>\n<h3>Pealkiri H3<\/h3>\n<p>[table]<\/p>\n<p>Lorem ipsum dolor sit amet, consectetur adipiscing elit. Maecenas molestie velit nec auctor tempor. Sed sollicitudin enim in leo laoreet venenatis. Donec dictum, erat eu rhoncus egestas, nisl risus bibendum ligula, eget fringilla orci lacus non mi. Vestibulum iaculis, erat in laoreet ornare, metus arcu pretium velit, a porttitor ante erat eget nibh. Nunc elementum vitae sapien et maximus.<\/p>\n<h4>Pealkiri H4<\/h4>\n<p><i class=\"fas fa-user\"><\/i> Eesnimi Perenimi<br \/>\n<i class=\"fas fa-user\"><\/i> Eesnimi Perenimi<br \/>\n<i class=\"fas fa-user\"><\/i> Eesnimi Perenimi<\/p>\n<h4>Pealkiri H4<\/h4>\n<ol>\n<li><a href=\"#\">Lorem ipsum dolor sit amet<\/a><\/li>\n<li><a href=\"#\">Lorem ipsum dolor sit amet<\/a><\/li>\n<li><a href=\"#\">Lorem ipsum dolor sit amet<\/a><\/li>\n<\/ol>\n<h4>Pealkiri H4<\/h4>\n<ul>\n<li>Lorem ipsum dolor sit amet<\/li>\n<li>Lorem ipsum dolor sit amet<\/li>\n<li>Lorem ipsum dolor sit amet<\/li>\n<\/ul>\n<p><a href=\"https:\/\/taltech.ee\/\" class=\"button color-blue size-large\" target=\"_blank\">Loe veel<\/a> <a href=\"https:\/\/taltech.ee\/\" class=\"button color-red size-medium\" target=\"\">Loe veel<\/a> <a href=\"https:\/\/taltech.ee\/\" class=\"button color-lightgray size-small\" target=\"\">Loe veel<\/a><\/p>\n<h3>Galerii<\/h3>\n<div id='gallery-1' class='gallery galleryid-4356 gallery-columns-5 gallery-size-square_s'><figure class='gallery-item'>\n\t\t\t<div class='gallery-icon landscape'>\n\t\t\t\t<a href='https:\/\/ai.taltech.ee\/wp-content\/uploads\/2025\/02\/AI-0001.jpg'><img loading=\"lazy\" decoding=\"async\" width=\"320\" height=\"320\" src=\"https:\/\/ai.taltech.ee\/wp-content\/uploads\/2025\/02\/AI-0001-320x320.jpg\" class=\"attachment-square_s size-square_s\" alt=\"Tehisintellekti fookustippkeskus\" aria-describedby=\"gallery-1-4274\" srcset=\"https:\/\/ai.taltech.ee\/wp-content\/uploads\/2025\/02\/AI-0001-320x320.jpg 320w, https:\/\/ai.taltech.ee\/wp-content\/uploads\/2025\/02\/AI-0001-160x160.jpg 160w, https:\/\/ai.taltech.ee\/wp-content\/uploads\/2025\/02\/AI-0001-480x480.jpg 480w, https:\/\/ai.taltech.ee\/wp-content\/uploads\/2025\/02\/AI-0001-640x640.jpg 640w\" sizes=\"auto, (max-width: 320px) 100vw, 320px\" \/><\/a>\n\t\t\t<\/div>\n\t\t\t\t<figcaption class='wp-caption-text gallery-caption' id='gallery-1-4274'>\n\t\t\t\tFoto: Taltech\n\t\t\t\t<\/figcaption><\/figure><figure class='gallery-item'>\n\t\t\t<div class='gallery-icon landscape'>\n\t\t\t\t<a href='https:\/\/ai.taltech.ee\/wp-content\/uploads\/2025\/02\/AI-0002.jpg'><img loading=\"lazy\" decoding=\"async\" width=\"320\" height=\"320\" src=\"https:\/\/ai.taltech.ee\/wp-content\/uploads\/2025\/02\/AI-0002-320x320.jpg\" class=\"attachment-square_s size-square_s\" alt=\"Tehisintellekti fookustippkeskus\" aria-describedby=\"gallery-1-4275\" srcset=\"https:\/\/ai.taltech.ee\/wp-content\/uploads\/2025\/02\/AI-0002-320x320.jpg 320w, https:\/\/ai.taltech.ee\/wp-content\/uploads\/2025\/02\/AI-0002-160x160.jpg 160w, https:\/\/ai.taltech.ee\/wp-content\/uploads\/2025\/02\/AI-0002-480x480.jpg 480w, https:\/\/ai.taltech.ee\/wp-content\/uploads\/2025\/02\/AI-0002-640x640.jpg 640w\" sizes=\"auto, (max-width: 320px) 100vw, 320px\" \/><\/a>\n\t\t\t<\/div>\n\t\t\t\t<figcaption class='wp-caption-text gallery-caption' id='gallery-1-4275'>\n\t\t\t\tFoto: Taltech\n\t\t\t\t<\/figcaption><\/figure><figure class='gallery-item'>\n\t\t\t<div class='gallery-icon landscape'>\n\t\t\t\t<a href='https:\/\/ai.taltech.ee\/wp-content\/uploads\/2025\/02\/AI-0003.jpg'><img loading=\"lazy\" decoding=\"async\" width=\"320\" height=\"320\" src=\"https:\/\/ai.taltech.ee\/wp-content\/uploads\/2025\/02\/AI-0003-320x320.jpg\" class=\"attachment-square_s size-square_s\" alt=\"Tehisintellekti fookustippkeskus\" aria-describedby=\"gallery-1-4264\" srcset=\"https:\/\/ai.taltech.ee\/wp-content\/uploads\/2025\/02\/AI-0003-320x320.jpg 320w, https:\/\/ai.taltech.ee\/wp-content\/uploads\/2025\/02\/AI-0003-160x160.jpg 160w, https:\/\/ai.taltech.ee\/wp-content\/uploads\/2025\/02\/AI-0003-480x480.jpg 480w, https:\/\/ai.taltech.ee\/wp-content\/uploads\/2025\/02\/AI-0003-640x640.jpg 640w\" sizes=\"auto, (max-width: 320px) 100vw, 320px\" \/><\/a>\n\t\t\t<\/div>\n\t\t\t\t<figcaption class='wp-caption-text gallery-caption' id='gallery-1-4264'>\n\t\t\t\tFoto: Taltech\n\t\t\t\t<\/figcaption><\/figure><figure class='gallery-item'>\n\t\t\t<div class='gallery-icon landscape'>\n\t\t\t\t<a href='https:\/\/ai.taltech.ee\/wp-content\/uploads\/2025\/02\/AI-0004.jpg'><img loading=\"lazy\" decoding=\"async\" width=\"320\" height=\"320\" src=\"https:\/\/ai.taltech.ee\/wp-content\/uploads\/2025\/02\/AI-0004-320x320.jpg\" class=\"attachment-square_s size-square_s\" alt=\"Tehisintellekti fookustippkeskus\" aria-describedby=\"gallery-1-4263\" srcset=\"https:\/\/ai.taltech.ee\/wp-content\/uploads\/2025\/02\/AI-0004-320x320.jpg 320w, https:\/\/ai.taltech.ee\/wp-content\/uploads\/2025\/02\/AI-0004-160x160.jpg 160w, https:\/\/ai.taltech.ee\/wp-content\/uploads\/2025\/02\/AI-0004-480x480.jpg 480w, https:\/\/ai.taltech.ee\/wp-content\/uploads\/2025\/02\/AI-0004-640x640.jpg 640w\" sizes=\"auto, (max-width: 320px) 100vw, 320px\" \/><\/a>\n\t\t\t<\/div>\n\t\t\t\t<figcaption class='wp-caption-text gallery-caption' id='gallery-1-4263'>\n\t\t\t\tFoto: Taltech\n\t\t\t\t<\/figcaption><\/figure><figure class='gallery-item'>\n\t\t\t<div class='gallery-icon landscape'>\n\t\t\t\t<a href='https:\/\/ai.taltech.ee\/wp-content\/uploads\/2025\/02\/AI-0005.jpg'><img loading=\"lazy\" decoding=\"async\" width=\"320\" height=\"320\" src=\"https:\/\/ai.taltech.ee\/wp-content\/uploads\/2025\/02\/AI-0005-320x320.jpg\" class=\"attachment-square_s size-square_s\" alt=\"Tehisintellekti fookustippkeskus\" aria-describedby=\"gallery-1-4276\" srcset=\"https:\/\/ai.taltech.ee\/wp-content\/uploads\/2025\/02\/AI-0005-320x320.jpg 320w, https:\/\/ai.taltech.ee\/wp-content\/uploads\/2025\/02\/AI-0005-160x160.jpg 160w, https:\/\/ai.taltech.ee\/wp-content\/uploads\/2025\/02\/AI-0005-480x480.jpg 480w, https:\/\/ai.taltech.ee\/wp-content\/uploads\/2025\/02\/AI-0005-640x640.jpg 640w\" sizes=\"auto, (max-width: 320px) 100vw, 320px\" \/><\/a>\n\t\t\t<\/div>\n\t\t\t\t<figcaption class='wp-caption-text gallery-caption' id='gallery-1-4276'>\n\t\t\t\tFoto: Taltech\n\t\t\t\t<\/figcaption><\/figure><figure class='gallery-item'>\n\t\t\t<div class='gallery-icon landscape'>\n\t\t\t\t<a href='https:\/\/ai.taltech.ee\/wp-content\/uploads\/2025\/02\/AI-0006.jpg'><img loading=\"lazy\" decoding=\"async\" width=\"320\" height=\"320\" src=\"https:\/\/ai.taltech.ee\/wp-content\/uploads\/2025\/02\/AI-0006-320x320.jpg\" class=\"attachment-square_s size-square_s\" alt=\"Tehisintellekti fookustippkeskus\" aria-describedby=\"gallery-1-4277\" srcset=\"https:\/\/ai.taltech.ee\/wp-content\/uploads\/2025\/02\/AI-0006-320x320.jpg 320w, https:\/\/ai.taltech.ee\/wp-content\/uploads\/2025\/02\/AI-0006-160x160.jpg 160w, https:\/\/ai.taltech.ee\/wp-content\/uploads\/2025\/02\/AI-0006-480x480.jpg 480w, https:\/\/ai.taltech.ee\/wp-content\/uploads\/2025\/02\/AI-0006-640x640.jpg 640w\" sizes=\"auto, (max-width: 320px) 100vw, 320px\" \/><\/a>\n\t\t\t<\/div>\n\t\t\t\t<figcaption class='wp-caption-text gallery-caption' id='gallery-1-4277'>\n\t\t\t\tFoto: Taltech\n\t\t\t\t<\/figcaption><\/figure>\n\t\t<\/div>\n\n","protected":false},"excerpt":{"rendered":"<p>TalTech AI keskus TalTech AI on IT teaduskonna ja tarkvarateaduse instituudi poolt 2024. aastal loodud tehisintellekti (AI) fookuskeskus. Fookuskeskus \u00fchendab&#8230;<\/p>\n","protected":false},"author":11,"featured_media":4355,"parent":0,"menu_order":1,"comment_status":"closed","ping_status":"closed","template":"","meta":{"_acf_changed":false,"inline_featured_image":false,"footnotes":""},"class_list":["post-4356","page","type-page","status-publish","has-post-thumbnail","hentry"],"acf":[],"yoast_head":"<!-- This site is optimized with the Yoast SEO plugin v27.5 - https:\/\/yoast.com\/product\/yoast-seo-wordpress\/ -->\n<title>About the centre | AI Focus Center<\/title>\n<meta name=\"robots\" content=\"index, follow, max-snippet:-1, max-image-preview:large, max-video-preview:-1\" \/>\n<link rel=\"canonical\" href=\"https:\/\/ai.taltech.ee\/en\/about-the-centre\/\" \/>\n<meta property=\"og:locale\" content=\"en_US\" \/>\n<meta property=\"og:type\" content=\"article\" \/>\n<meta property=\"og:title\" content=\"About the centre | AI Focus Center\" \/>\n<meta property=\"og:description\" content=\"TalTech AI keskus TalTech AI on IT teaduskonna ja tarkvarateaduse instituudi poolt 2024. aastal loodud tehisintellekti (AI) fookuskeskus. Fookuskeskus \u00fchendab...\" \/>\n<meta property=\"og:url\" content=\"https:\/\/ai.taltech.ee\/en\/about-the-centre\/\" \/>\n<meta property=\"og:site_name\" content=\"AI Focus Center\" \/>\n<meta property=\"article:modified_time\" content=\"2025-09-02T07:07:32+00:00\" \/>\n<meta property=\"og:image\" content=\"https:\/\/ai.taltech.ee\/wp-content\/uploads\/2025\/06\/TalTech-AI_photo-by-Kristi-Ainen-scaled.jpg\" \/>\n\t<meta property=\"og:image:width\" content=\"2560\" \/>\n\t<meta property=\"og:image:height\" content=\"1440\" \/>\n\t<meta property=\"og:image:type\" content=\"image\/jpeg\" \/>\n<meta name=\"twitter:card\" content=\"summary_large_image\" \/>\n<meta name=\"twitter:label1\" content=\"Est. reading time\" \/>\n\t<meta name=\"twitter:data1\" content=\"2 minutes\" \/>\n<script type=\"application\/ld+json\" class=\"yoast-schema-graph\">{\"@context\":\"https:\\\/\\\/schema.org\",\"@graph\":[{\"@type\":\"WebPage\",\"@id\":\"https:\\\/\\\/ai.taltech.ee\\\/en\\\/about-the-centre\\\/\",\"url\":\"https:\\\/\\\/ai.taltech.ee\\\/en\\\/about-the-centre\\\/\",\"name\":\"About the centre | AI Focus Center\",\"isPartOf\":{\"@id\":\"https:\\\/\\\/ai.taltech.ee\\\/en\\\/#website\"},\"primaryImageOfPage\":{\"@id\":\"https:\\\/\\\/ai.taltech.ee\\\/en\\\/about-the-centre\\\/#primaryimage\"},\"image\":{\"@id\":\"https:\\\/\\\/ai.taltech.ee\\\/en\\\/about-the-centre\\\/#primaryimage\"},\"thumbnailUrl\":\"https:\\\/\\\/ai.taltech.ee\\\/wp-content\\\/uploads\\\/2025\\\/06\\\/TalTech-AI_photo-by-Kristi-Ainen-scaled.jpg\",\"datePublished\":\"2024-10-03T09:08:34+00:00\",\"dateModified\":\"2025-09-02T07:07:32+00:00\",\"breadcrumb\":{\"@id\":\"https:\\\/\\\/ai.taltech.ee\\\/en\\\/about-the-centre\\\/#breadcrumb\"},\"inLanguage\":\"en-US\",\"potentialAction\":[{\"@type\":\"ReadAction\",\"target\":[\"https:\\\/\\\/ai.taltech.ee\\\/en\\\/about-the-centre\\\/\"]}]},{\"@type\":\"ImageObject\",\"inLanguage\":\"en-US\",\"@id\":\"https:\\\/\\\/ai.taltech.ee\\\/en\\\/about-the-centre\\\/#primaryimage\",\"url\":\"https:\\\/\\\/ai.taltech.ee\\\/wp-content\\\/uploads\\\/2025\\\/06\\\/TalTech-AI_photo-by-Kristi-Ainen-scaled.jpg\",\"contentUrl\":\"https:\\\/\\\/ai.taltech.ee\\\/wp-content\\\/uploads\\\/2025\\\/06\\\/TalTech-AI_photo-by-Kristi-Ainen-scaled.jpg\",\"width\":2560,\"height\":1440},{\"@type\":\"BreadcrumbList\",\"@id\":\"https:\\\/\\\/ai.taltech.ee\\\/en\\\/about-the-centre\\\/#breadcrumb\",\"itemListElement\":[{\"@type\":\"ListItem\",\"position\":1,\"name\":\"Blog\",\"item\":\"https:\\\/\\\/ai.taltech.ee\\\/en\\\/\"},{\"@type\":\"ListItem\",\"position\":2,\"name\":\"About the centre\"}]},{\"@type\":\"WebSite\",\"@id\":\"https:\\\/\\\/ai.taltech.ee\\\/en\\\/#website\",\"url\":\"https:\\\/\\\/ai.taltech.ee\\\/en\\\/\",\"name\":\"Tehisintellekti fookustippkeskus\",\"description\":\"AI Focus Center\",\"publisher\":{\"@id\":\"https:\\\/\\\/ai.taltech.ee\\\/en\\\/#organization\"},\"potentialAction\":[{\"@type\":\"SearchAction\",\"target\":{\"@type\":\"EntryPoint\",\"urlTemplate\":\"https:\\\/\\\/ai.taltech.ee\\\/en\\\/?s={search_term_string}\"},\"query-input\":{\"@type\":\"PropertyValueSpecification\",\"valueRequired\":true,\"valueName\":\"search_term_string\"}}],\"inLanguage\":\"en-US\"},{\"@type\":\"Organization\",\"@id\":\"https:\\\/\\\/ai.taltech.ee\\\/en\\\/#organization\",\"name\":\"TalTech\",\"url\":\"https:\\\/\\\/ai.taltech.ee\\\/en\\\/\",\"logo\":{\"@type\":\"ImageObject\",\"inLanguage\":\"en-US\",\"@id\":\"https:\\\/\\\/ai.taltech.ee\\\/en\\\/#\\\/schema\\\/logo\\\/image\\\/\",\"url\":\"https:\\\/\\\/ai.taltech.ee\\\/wp-content\\\/uploads\\\/2024\\\/11\\\/taltech-favorites.png\",\"contentUrl\":\"https:\\\/\\\/ai.taltech.ee\\\/wp-content\\\/uploads\\\/2024\\\/11\\\/taltech-favorites.png\",\"width\":512,\"height\":512,\"caption\":\"TalTech\"},\"image\":{\"@id\":\"https:\\\/\\\/ai.taltech.ee\\\/en\\\/#\\\/schema\\\/logo\\\/image\\\/\"}}]}<\/script>\n<!-- \/ Yoast SEO plugin. -->","yoast_head_json":{"title":"About the centre | AI Focus Center","robots":{"index":"index","follow":"follow","max-snippet":"max-snippet:-1","max-image-preview":"max-image-preview:large","max-video-preview":"max-video-preview:-1"},"canonical":"https:\/\/ai.taltech.ee\/en\/about-the-centre\/","og_locale":"en_US","og_type":"article","og_title":"About the centre | AI Focus Center","og_description":"TalTech AI keskus TalTech AI on IT teaduskonna ja tarkvarateaduse instituudi poolt 2024. aastal loodud tehisintellekti (AI) fookuskeskus. Fookuskeskus \u00fchendab...","og_url":"https:\/\/ai.taltech.ee\/en\/about-the-centre\/","og_site_name":"AI Focus Center","article_modified_time":"2025-09-02T07:07:32+00:00","og_image":[{"width":2560,"height":1440,"url":"https:\/\/ai.taltech.ee\/wp-content\/uploads\/2025\/06\/TalTech-AI_photo-by-Kristi-Ainen-scaled.jpg","type":"image\/jpeg"}],"twitter_card":"summary_large_image","twitter_misc":{"Est. reading time":"2 minutes"},"schema":{"@context":"https:\/\/schema.org","@graph":[{"@type":"WebPage","@id":"https:\/\/ai.taltech.ee\/en\/about-the-centre\/","url":"https:\/\/ai.taltech.ee\/en\/about-the-centre\/","name":"About the centre | AI Focus Center","isPartOf":{"@id":"https:\/\/ai.taltech.ee\/en\/#website"},"primaryImageOfPage":{"@id":"https:\/\/ai.taltech.ee\/en\/about-the-centre\/#primaryimage"},"image":{"@id":"https:\/\/ai.taltech.ee\/en\/about-the-centre\/#primaryimage"},"thumbnailUrl":"https:\/\/ai.taltech.ee\/wp-content\/uploads\/2025\/06\/TalTech-AI_photo-by-Kristi-Ainen-scaled.jpg","datePublished":"2024-10-03T09:08:34+00:00","dateModified":"2025-09-02T07:07:32+00:00","breadcrumb":{"@id":"https:\/\/ai.taltech.ee\/en\/about-the-centre\/#breadcrumb"},"inLanguage":"en-US","potentialAction":[{"@type":"ReadAction","target":["https:\/\/ai.taltech.ee\/en\/about-the-centre\/"]}]},{"@type":"ImageObject","inLanguage":"en-US","@id":"https:\/\/ai.taltech.ee\/en\/about-the-centre\/#primaryimage","url":"https:\/\/ai.taltech.ee\/wp-content\/uploads\/2025\/06\/TalTech-AI_photo-by-Kristi-Ainen-scaled.jpg","contentUrl":"https:\/\/ai.taltech.ee\/wp-content\/uploads\/2025\/06\/TalTech-AI_photo-by-Kristi-Ainen-scaled.jpg","width":2560,"height":1440},{"@type":"BreadcrumbList","@id":"https:\/\/ai.taltech.ee\/en\/about-the-centre\/#breadcrumb","itemListElement":[{"@type":"ListItem","position":1,"name":"Blog","item":"https:\/\/ai.taltech.ee\/en\/"},{"@type":"ListItem","position":2,"name":"About the centre"}]},{"@type":"WebSite","@id":"https:\/\/ai.taltech.ee\/en\/#website","url":"https:\/\/ai.taltech.ee\/en\/","name":"Tehisintellekti fookustippkeskus","description":"AI Focus Center","publisher":{"@id":"https:\/\/ai.taltech.ee\/en\/#organization"},"potentialAction":[{"@type":"SearchAction","target":{"@type":"EntryPoint","urlTemplate":"https:\/\/ai.taltech.ee\/en\/?s={search_term_string}"},"query-input":{"@type":"PropertyValueSpecification","valueRequired":true,"valueName":"search_term_string"}}],"inLanguage":"en-US"},{"@type":"Organization","@id":"https:\/\/ai.taltech.ee\/en\/#organization","name":"TalTech","url":"https:\/\/ai.taltech.ee\/en\/","logo":{"@type":"ImageObject","inLanguage":"en-US","@id":"https:\/\/ai.taltech.ee\/en\/#\/schema\/logo\/image\/","url":"https:\/\/ai.taltech.ee\/wp-content\/uploads\/2024\/11\/taltech-favorites.png","contentUrl":"https:\/\/ai.taltech.ee\/wp-content\/uploads\/2024\/11\/taltech-favorites.png","width":512,"height":512,"caption":"TalTech"},"image":{"@id":"https:\/\/ai.taltech.ee\/en\/#\/schema\/logo\/image\/"}}]}},"_links":{"self":[{"href":"https:\/\/ai.taltech.ee\/en\/wp-json\/wp\/v2\/pages\/4356","targetHints":{"allow":["GET"]}}],"collection":[{"href":"https:\/\/ai.taltech.ee\/en\/wp-json\/wp\/v2\/pages"}],"about":[{"href":"https:\/\/ai.taltech.ee\/en\/wp-json\/wp\/v2\/types\/page"}],"author":[{"embeddable":true,"href":"https:\/\/ai.taltech.ee\/en\/wp-json\/wp\/v2\/users\/11"}],"replies":[{"embeddable":true,"href":"https:\/\/ai.taltech.ee\/en\/wp-json\/wp\/v2\/comments?post=4356"}],"version-history":[{"count":1,"href":"https:\/\/ai.taltech.ee\/en\/wp-json\/wp\/v2\/pages\/4356\/revisions"}],"predecessor-version":[{"id":4357,"href":"https:\/\/ai.taltech.ee\/en\/wp-json\/wp\/v2\/pages\/4356\/revisions\/4357"}],"wp:featuredmedia":[{"embeddable":true,"href":"https:\/\/ai.taltech.ee\/en\/wp-json\/wp\/v2\/media\/4355"}],"wp:attachment":[{"href":"https:\/\/ai.taltech.ee\/en\/wp-json\/wp\/v2\/media?parent=4356"}],"curies":[{"name":"wp","href":"https:\/\/api.w.org\/{rel}","templated":true}]}}